{"id":7252,"date":"2018-04-26T16:10:25","date_gmt":"2018-04-26T14:10:25","guid":{"rendered":"http:\/\/relaunch.build.or.at\/impressum\/"},"modified":"2024-08-29T08:40:50","modified_gmt":"2024-08-29T06:40:50","slug":"imprint","status":"publish","type":"page","link":"https:\/\/build.or.at\/en\/imprint\/","title":{"rendered":"Imprint"},"content":{"rendered":"<div class=\"wpb-content-wrapper\"><p>[vc_row css=&#8221;.vc_custom_1524752230470{padding-top: 40px !important;padding-bottom: 40px !important;}&#8221;][vc_column][vc_column_text]<\/p>\n<h1>build! Gr\u00fcndungszentrum K\u00e4rnten GmbH<\/h1>\n<p>&nbsp;<\/p>\n<div class=\"alert alert_warning\"><div class=\"alert_icon\"><svg viewBox=\"0 0 28 28\"><defs><style>.path{fill:none;stroke:#000;stroke-miterlimit:10;stroke-width:1.5px;}<\/style><\/defs><g><circle class=\"path\" cx=\"14\" cy=\"14\" r=\"12\"\/><line class=\"path\" x1=\"11.5\" y1=\"17.25\" x2=\"16.5\" y2=\"17.25\"\/><path class=\"path\" d=\"M16.46,17.8A3.94,3.94,0,0,1,17.64,15a4.61,4.61,0,0,0-.12-6.65A5.09,5.09,0,0,0,14,7h0A5.14,5.14,0,0,0,10.5,8.36,4.66,4.66,0,0,0,9,11.63a4.6,4.6,0,0,0,1.4,3.43,3.85,3.85,0,0,1,1.14,2.74h0V19c0,.87.59,2,1.67,2h1.58c1.08,0,1.67-1.16,1.67-2Z\"\/><\/g><\/svg><\/div><div class=\"alert_wrapper\">This site is only available in german.<\/div><a href=\"#\" class=\"close mfn-close-icon\"><span class=\"icon\">\u2715<\/span><\/a><\/div>\n\n<p><strong> Beratung\/F\u00f6rderung f\u00fcr Unternehmensgr\u00fcndung<\/strong><br \/>\nInternet-Beauftragte: Julia Guggenberger MSc<br \/>\nLakeside B01<br \/>\n9020\u00a0Klagenfurt<br \/>\nAustria<\/p>\n<p>Tel.: +43 463 2700 8740<br \/>\nFax: +43 463 2700 8749<br \/>\neMail: office@build.or.at<br \/>\nWeb:\u00a0<a href=\"http:\/\/build.or.at\/\"><strong>build.or.at<\/strong><\/a><\/p>\n<h2>Zus\u00e4tzliche Informationen<\/h2>\n<h3>Informationspflichten nach \u00a7 5 Abs.1 ECG<\/h3>\n<p>build! Gr\u00fcndungszentrum K\u00e4rnten GmbH<br \/>\nLakeside B01<br \/>\n9020 Klagenfurt<br \/>\nGerichtsstand:Landesgericht Klagenfurt<br \/>\nGesellschaft mit beschr\u00e4nkter Haftung<br \/>\nFN 223919 v<br \/>\nUmsatzsteuer Identifikationsnummer: ATU56839915<\/p>\n<h2>Rechtshinweise &amp; Nutzungsbedingungen<\/h2>\n<p>Diese Internet-Pr\u00e4senz wurde sorgf\u00e4ltig erarbeitet. Dennoch: Der Herausgeber \u00fcbernimmt f\u00fcr eventuelle Nachteile oder Sch\u00e4den, die aus den aufgef\u00fchrten Informationen, Empfehlungen oder Hinweisen resultieren, keine Haftung. Der Inhalt dieser Homepage ist ausschlie\u00dflich zu Informationszwecken bestimmt. Die Informationen stellen in keiner Weise einen Ersatz f\u00fcr professionelle Beratung durch Fachleute dar. F\u00fcr Sch\u00e4den oder Unannehmlichkeiten, die durch den Gebrauch oder Missbrauch dieser Informationen entstehen, kann der Herausgeber nicht \u2013 weder direkt noch indirekt \u2013 zur Verantwortung gezogen werden. Der Herausgeber \u00fcbernimmt keine Gew\u00e4hr f\u00fcr die Aktualit\u00e4t, Richtigkeit und Vollst\u00e4ndigkeit der bereitgestellten Informationen auf seiner Internet-Pr\u00e4senz. Die Haftung des Herausgebers f\u00fcr die Inhalte und Nutzung der Homepage beschr\u00e4nkt sich auf Vorsatz und grob fahrl\u00e4ssiges Verhalten. Die Autoren haften auch nicht f\u00fcr unbefugte Ver\u00e4nderungen durch Dritte (z.B. Hackangriffe etc.).<\/p>\n<p>Bei den angelinkten externen Seiten handelt es sich ausschlie\u00dflich um fremde, dem Herausgeber nicht zug\u00e4ngliche Inhalte. Der Herausgeber \u00fcbernimmt keine Verantwortung f\u00fcr den Inhalt der angelinkten Seiten. Es hat lediglich eine \u00dcberpr\u00fcfung der verlinkten Seiten zum Zeitpunkt der Linksetzung stattgefunden, bei der keine Anhaltspunkte f\u00fcr illegale Inhalte entdeckt wurden. Soweit Regelungen und Gesetze wiedergegeben werden, ist allein die amtliche Bekanntmachung ma\u00dfgeblich. Der Herausgeber ist bestrebt, in allen Publikationen die Urheberrechte der verwendeten Grafiken, Tondokumente, Videosequenzen und Texte zu beachten, von ihnen selbst erstellte Grafiken, Tondokumente, Videosequenzen und Texte zu nutzen oder auf lizenzfreie Grafiken, Tondokumente, Videosequenzen und Texte zur\u00fcckzugreifen. Das Copyright f\u00fcr ver\u00f6ffentlichte, von den Autoren selbst erstellte Objekte bleibt allein bei dem Herausgeber der Seiten. Eine Vervielf\u00e4ltigung oder Verwendung ist ohne seine ausdr\u00fcckliche Zustimmung nicht gestattet.<\/p>\n<h2>Datenspeicherung<\/h2>\n<p>Sofern innerhalb des Internetangebotes die M\u00f6glichkeit zur Eingabe pers\u00f6nlicher oder gesch\u00e4ftlicher Daten (E-Mail-Adressen, Namen, Anschriften, Telefon- und Faxnummern etc.) besteht, so erfolgt die Preisgabe dieser Daten seitens des Nutzers auf ausdr\u00fccklich freiwilliger Basis. Der Herausgeber der Internet-Pr\u00e4senz verpflichtet sich im Rahmen des Datenschutzgesetzes zur gr\u00f6\u00dftm\u00f6glichen Verschwiegenheit und wird die Daten nicht unerlaubt weitergeben. Dieser Haftungsausschluss ist als Teil des Internetangebotes zu betrachten, von dem aus auf diese Seite verwiesen wurde. Sofern Teile oder einzelne Formulierungen dieses Textes der geltenden Rechtslage nicht, nicht mehr oder nicht vollst\u00e4ndig entsprechen sollten, bleiben die \u00fcbrigen Teile des Dokumentes in ihrem Inhalt und ihrer G\u00fcltigkeit davon unber\u00fchrt.<\/p>\n<h2>Inhalt des Onlineangebots<\/h2>\n<p>Der Autor \u00fcbernimmt keinerlei Gew\u00e4hr f\u00fcr die Aktualit\u00e4t, Korrektheit, Vollst\u00e4ndigkeit oder Qualit\u00e4t der bereitgestellten Informationen. Haftungsanspr\u00fcche gegen den Autor, welche sich auf Sch\u00e4den materieller oder ideeller Art beziehen, die durch die Nutzung oder Nichtnutzung der dargebotenen Informationen bzw. durch die Nutzung fehlerhafter und unvollst\u00e4ndiger Informationen verursacht wurden, sind grunds\u00e4tzlich ausgeschlossen, sofern seitens des Autors kein nachweislich vors\u00e4tzliches oder grob fahrl\u00e4ssiges Verschulden vorliegt. Der Autor beh\u00e4lt es sich ausdr\u00fccklich vor, Teile der Seiten ohne gesonderte Ank\u00fcndigung zu ver\u00e4ndern, zu erg\u00e4nzen, zu l\u00f6schen oder die Ver\u00f6ffentlichung zeitweise oder endg\u00fcltig einzustellen.<\/p>\n<h2>Urheber- und Kennzeichenrecht<\/h2>\n<p>Der Autor ist bestrebt, in allen Publikationen die Urheberrechte der verwendeten Grafiken, Tondokumente, Videosequenzen und Texte zu beachten, von ihm selbst erstellte Grafiken, Tondokumente, Videosequenzen und Texte zu nutzen oder auf lizenzfreie Grafiken, Tondokumente, Videosequenzen und Texte zur\u00fcckzugreifen. Alle innerhalb des Internetangebotes genannten und ggf. durch Dritte gesch\u00fctzten Marken- und Warenzeichen unterliegen uneingeschr\u00e4nkt den Bestimmungen des jeweils g\u00fcltigen Kennzeichenrechts und den Besitzrechten der jeweiligen eingetragenen Eigent\u00fcmer. Allein aufgrund der blo\u00dfen Nennung ist nicht der Schluss zu ziehen, dass Markenzeichen nicht durch Rechte Dritter gesch\u00fctzt sind! Das Copyright f\u00fcr ver\u00f6ffentlichte, vom Autor selbst erstellte Objekte bleibt allein beim Autor der Seiten. Eine Vervielf\u00e4ltigung oder Verwendung solcher Grafiken, Tondokumente, Videosequenzen und Texte in anderen elektronischen oder gedruckten Publikationen ist ohne ausdr\u00fcckliche Zustimmung des Autors nicht gestattet.<\/p>\n<h2>Datenschutzhinweise<\/h2>\n<p>Unsere Datenschutzhinweise finden Sie unter <a href=\"http:\/\/build.or.at\/datenschutz\">http:\/\/build.or.at\/datenschutz<\/a> . Sie gelten f\u00fcr die Webseite <a href=\"http:\/\/build.or.at\/\">build.or.at\/<\/a><\/p>\n<h2>Bildernachweis<\/h2>\n<p>Bildnachweise f\u00fcr extern zugekaufte \/ eingebundene Bilder sind in den jeweiligen Beitr\u00e4gen (Postings) direkt angef\u00fchrt (direkt unter den jeweiligen Artikeln). Wir achten genau auf die Einhaltung von Bildnachweisen. Sollten Sie dennoch ein Bild finden, das unzureichend gekennzeichnet ist, informieren Sie uns bitte und wir korrigieren umgehend den Nachweis.<\/p>\n<p>Generell werden Bilder von folgenden Urhebern\/Plattformen\/Webseiten verwendet: Sam Strauss, Gerhard Rattenegger, Bildmaterial der build! Unternehmen<\/p>\n<p>Icons von\u00a0<a href=\"http:\/\/www.flaticon.com\/authors\/freepik\">Flaticon<\/a>\u00a0(<a href=\"http:\/\/www.freepik.com\/\">Freepik<\/a>)<\/p>\n<h2>Kontakt<\/h2>\n<p><strong>build! Gr\u00fcndungszentrum K\u00e4rnten GmbH<\/strong><\/p>\n<p>Lakeside B01<br \/>\n9020\u00a0Klagenfurt, Austria<\/p>\n<p>Tel.: +43 463 2700 8740<br \/>\neMail: office@build.or.at<br \/>\nWeb:\u00a0<a href=\"http:\/\/build.or.at\/\"><strong>build.or.at<\/strong><\/a><\/p>\n<h2><strong>Haftungsausschluss<\/strong><\/h2>\n<p>Dieser Haftungsausschluss ist als Teil des Internetangebotes zu betrachten, von dem aus auf diese Webseite\u00a0verwiesen wurde. Sofern Teile oder einzelne Formulierungen dieses Textes der geltenden Rechtslage nicht, nicht mehr oder nicht vollst\u00e4ndig entsprechen sollten, bleiben die \u00fcbrigen Teile des Dokumentes in ihrem Inhalt und ihrer G\u00fcltigkeit davon unber\u00fchrt.<\/p>\n<h3>Haftung f\u00fcr Inhalte dieser Webseite<\/h3>\n<p>Die Inhalte unserer Seiten wurden mit gr\u00f6\u00dfter Sorgfalt erstellt. F\u00fcr die Richtigkeit, Vollst\u00e4ndigkeit und Aktualit\u00e4t der Inhalte k\u00f6nnen wir jedoch keine Gew\u00e4hr \u00fcbernehmen. Als Diensteanbieter sind wir f\u00fcr eigene Inhalte auf diesen Seiten nach den allgemeinen Gesetzen verantwortlich. Wir sind jedoch nicht verpflichtet, \u00fcbermittelte oder gespeicherte fremde Informationen zu \u00fcberwachen oder nach Umst\u00e4nden zu forschen, die auf eine rechtswidrige T\u00e4tigkeit hinweisen. Verpflichtungen zur Entfernung oder Sperrung der Nutzung von Informationen nach den allgemeinen Gesetzen bleiben hiervon unber\u00fchrt. Eine diesbez\u00fcgliche Haftung ist jedoch erst ab dem Zeitpunkt der Kenntnis einer konkreten Rechtsverletzung m\u00f6glich. Bei Bekanntwerden von entsprechenden Rechtsverletzungen werden wir diese Inhalte umgehend entfernen.<\/p>\n<h3>Haftung f\u00fcr Links auf Webseiten Dritter<\/h3>\n<p>Unser Angebot enth\u00e4lt Links zu externen Websites. Auf den Inhalt dieser externen Webseiten haben wir keinerlei Einfluss. Deshalb k\u00f6nnen wir f\u00fcr diese fremden Inhalte auch keine Gew\u00e4hr \u00fcbernehmen. F\u00fcr die Inhalte der verlinkten Seiten ist stets der jeweilige Anbieter oder Betreiber der Seiten verantwortlich. Die verlinkten Seiten wurden zum Zeitpunkt der Verlinkung auf m\u00f6gliche Rechtsverst\u00f6\u00dfe \u00fcberpr\u00fcft. Rechtswidrige Inhalte waren zum Zeitpunkt der Verlinkung nicht erkennbar. Eine permanente inhaltliche Kontrolle der verlinkten Seiten ist jedoch ohne konkrete Anhaltspunkte einer Rechtsverletzung nicht zumutbar. Bei Bekanntwerden von Rechtsverletzungen werden wir derartige Links umgehend entfernen.<\/p>\n<h2>Urheberrecht, Copyright<\/h2>\n<p>Die Betreiber dieser Webseite\u00a0sind bem\u00fcht, stets die Urheberrechte anderer zu beachten bzw. auf selbst erstellte sowie lizenzfreie Werke zur\u00fcckzugreifen. Die durch die Seitenbetreiber erstellten Inhalte und Werke auf dieser Webseite unterliegen dem Urheberrecht. Beitr\u00e4ge Dritter sind als solche gekennzeichnet. Die Vervielf\u00e4ltigung, Bearbeitung, Verbreitung und jede Art der Verwertung au\u00dferhalb der Grenzen des Urheberrechtes bed\u00fcrfen der schriftlichen Zustimmung des jeweiligen Autors bzw. Erstellers. Downloads und Kopien dieser Seite sind nur f\u00fcr den privaten, nicht kommerziellen Gebrauch gestattet.<\/p>\n<p>Das Layout dieser Webseite, die verwendeten Grafiken sowie Texte und Bilder sind urheberrechtlich gesch\u00fctzt. Das Copyright f\u00fcr ver\u00f6ffentlichte und selbst erstellten Bildern, Grafiken etc. bleibt allein beim jeweiligen Urheber beziehungsweise der build! Gr\u00fcndungszentrum K\u00e4rnten GmbH. Diese Elemente d\u00fcrfen ohne ausdr\u00fcckliche schriftliche Zustimmung von build! Gr\u00fcndungszentrum K\u00e4rnten GmbH nicht vervielf\u00e4ltigt, gesendet, zur Verf\u00fcgung gestellt, vor- und aufgef\u00fchrt und vorgetragen sowie nicht \u00fcbersetzt, bearbeitet oder verarbeitet werden.<\/p>\n<h2>Webdesign &amp; Entwicklung<\/h2>\n<p>Webdesign und Webentwicklung: Webpunks \u2013 <a href=\"https:\/\/www.webpunks.at\/\" target=\"_blank\" rel=\"nofollow noopener noreferrer\">www.webpunks.at<\/a><\/p>\n<p>Quelle: Erstellt\u00a0mit dem\u00a0<a href=\"http:\/\/www.firmenwebseiten.at\/impressum-generator\/\">Impressum Generator von firmenwebseiten.at<\/a>[\/vc_column_text][\/vc_column][\/vc_row]<\/p>\n<\/div>","protected":false},"excerpt":{"rendered":"<p>[vc_row css=&#8221;.vc_custom_1524752230470{padding-top: 40px !important;padding-bottom: 40px !important;}&#8221;][vc_column][vc_column_text] build! Gr\u00fcndungszentrum K\u00e4rnten GmbH &nbsp; Beratung\/F\u00f6rderung f\u00fcr Unternehmensgr\u00fcndung Internet-Beauftragte: Julia Guggenberger MSc<span class=\"excerpt-hellip\"> [\u2026]<\/span><\/p>\n","protected":false},"author":1,"featured_media":0,"parent":0,"menu_order":0,"comment_status":"closed","ping_status":"closed","template":"","meta":{"_acf_changed":false,"inline_featured_image":false,"footnotes":""},"class_list":["post-7252","page","type-page","status-publish","hentry"],"acf":[],"yoast_head":"<!-- This site is optimized with the Yoast SEO plugin v27.3 - https:\/\/yoast.com\/product\/yoast-seo-wordpress\/ -->\n<title>Imprint and contact details from build!<\/title>\n<meta name=\"description\" content=\"build! Gr\u00fcndungszentrum K\u00e4rnten - Lakeside B01 \u00b7 9020\u00a0Klagenfurt, Austria \u00b7 Telefon +43 463 2700 8740 \u00b7 Email office@build.or.at \u00b7 Web\u00a0build.or.at\" \/>\n<meta name=\"robots\" content=\"index, follow, max-snippet:-1, max-image-preview:large, max-video-preview:-1\" \/>\n<link rel=\"canonical\" href=\"https:\/\/build.or.at\/en\/imprint\/\" \/>\n<meta property=\"og:locale\" content=\"en_US\" \/>\n<meta property=\"og:type\" content=\"article\" \/>\n<meta property=\"og:title\" content=\"Imprint and contact details from build!\" \/>\n<meta property=\"og:description\" content=\"build! Gr\u00fcndungszentrum K\u00e4rnten - Lakeside B01 \u00b7 9020\u00a0Klagenfurt, Austria \u00b7 Telefon +43 463 2700 8740 \u00b7 Email office@build.or.at \u00b7 Web\u00a0build.or.at\" \/>\n<meta property=\"og:url\" content=\"https:\/\/build.or.at\/en\/imprint\/\" \/>\n<meta property=\"og:site_name\" content=\"build!\" \/>\n<meta property=\"article:modified_time\" content=\"2024-08-29T06:40:50+00:00\" \/>\n<meta name=\"twitter:card\" content=\"summary_large_image\" \/>\n<meta name=\"twitter:label1\" content=\"Est. reading time\" \/>\n\t<meta name=\"twitter:data1\" content=\"7 minutes\" \/>\n<script type=\"application\/ld+json\" class=\"yoast-schema-graph\">{\"@context\":\"https:\\\/\\\/schema.org\",\"@graph\":[{\"@type\":\"WebPage\",\"@id\":\"https:\\\/\\\/build.or.at\\\/en\\\/imprint\\\/\",\"url\":\"https:\\\/\\\/build.or.at\\\/en\\\/imprint\\\/\",\"name\":\"Imprint and contact details from build!\",\"isPartOf\":{\"@id\":\"https:\\\/\\\/build.or.at\\\/en\\\/#website\"},\"datePublished\":\"2018-04-26T14:10:25+00:00\",\"dateModified\":\"2024-08-29T06:40:50+00:00\",\"description\":\"build! Gr\u00fcndungszentrum K\u00e4rnten - Lakeside B01 \u00b7 9020\u00a0Klagenfurt, Austria \u00b7 Telefon +43 463 2700 8740 \u00b7 Email office@build.or.at \u00b7 Web\u00a0build.or.at\",\"breadcrumb\":{\"@id\":\"https:\\\/\\\/build.or.at\\\/en\\\/imprint\\\/#breadcrumb\"},\"inLanguage\":\"en-US\",\"potentialAction\":[{\"@type\":\"ReadAction\",\"target\":[\"https:\\\/\\\/build.or.at\\\/en\\\/imprint\\\/\"]}]},{\"@type\":\"BreadcrumbList\",\"@id\":\"https:\\\/\\\/build.or.at\\\/en\\\/imprint\\\/#breadcrumb\",\"itemListElement\":[{\"@type\":\"ListItem\",\"position\":1,\"name\":\"Startseite\",\"item\":\"https:\\\/\\\/build.or.at\\\/en\\\/\"},{\"@type\":\"ListItem\",\"position\":2,\"name\":\"Imprint\"}]},{\"@type\":\"WebSite\",\"@id\":\"https:\\\/\\\/build.or.at\\\/en\\\/#website\",\"url\":\"https:\\\/\\\/build.or.at\\\/en\\\/\",\"name\":\"build!\",\"description\":\"Gr\u00fcndungszentrum K\u00e4rnten GmbH\",\"publisher\":{\"@id\":\"https:\\\/\\\/build.or.at\\\/en\\\/#organization\"},\"potentialAction\":[{\"@type\":\"SearchAction\",\"target\":{\"@type\":\"EntryPoint\",\"urlTemplate\":\"https:\\\/\\\/build.or.at\\\/en\\\/?s={search_term_string}\"},\"query-input\":{\"@type\":\"PropertyValueSpecification\",\"valueRequired\":true,\"valueName\":\"search_term_string\"}}],\"inLanguage\":\"en-US\"},{\"@type\":\"Organization\",\"@id\":\"https:\\\/\\\/build.or.at\\\/en\\\/#organization\",\"name\":\"build! Gr\u00fcndungszentrum K\u00e4rnten GmbH\",\"url\":\"https:\\\/\\\/build.or.at\\\/en\\\/\",\"logo\":{\"@type\":\"ImageObject\",\"inLanguage\":\"en-US\",\"@id\":\"https:\\\/\\\/build.or.at\\\/en\\\/#\\\/schema\\\/logo\\\/image\\\/\",\"url\":\"https:\\\/\\\/build.or.at\\\/wp-content\\\/uploads\\\/2019\\\/01\\\/build-gruenderzentrum-logo-sticky.png\",\"contentUrl\":\"https:\\\/\\\/build.or.at\\\/wp-content\\\/uploads\\\/2019\\\/01\\\/build-gruenderzentrum-logo-sticky.png\",\"width\":80,\"height\":53,\"caption\":\"build! Gr\u00fcndungszentrum K\u00e4rnten GmbH\"},\"image\":{\"@id\":\"https:\\\/\\\/build.or.at\\\/en\\\/#\\\/schema\\\/logo\\\/image\\\/\"}}]}<\/script>\n<!-- \/ Yoast SEO plugin. -->","yoast_head_json":{"title":"Imprint and contact details from build!","description":"build! Gr\u00fcndungszentrum K\u00e4rnten - Lakeside B01 \u00b7 9020\u00a0Klagenfurt, Austria \u00b7 Telefon +43 463 2700 8740 \u00b7 Email office@build.or.at \u00b7 Web\u00a0build.or.at","robots":{"index":"index","follow":"follow","max-snippet":"max-snippet:-1","max-image-preview":"max-image-preview:large","max-video-preview":"max-video-preview:-1"},"canonical":"https:\/\/build.or.at\/en\/imprint\/","og_locale":"en_US","og_type":"article","og_title":"Imprint and contact details from build!","og_description":"build! Gr\u00fcndungszentrum K\u00e4rnten - Lakeside B01 \u00b7 9020\u00a0Klagenfurt, Austria \u00b7 Telefon +43 463 2700 8740 \u00b7 Email office@build.or.at \u00b7 Web\u00a0build.or.at","og_url":"https:\/\/build.or.at\/en\/imprint\/","og_site_name":"build!","article_modified_time":"2024-08-29T06:40:50+00:00","twitter_card":"summary_large_image","twitter_misc":{"Est. reading time":"7 minutes"},"schema":{"@context":"https:\/\/schema.org","@graph":[{"@type":"WebPage","@id":"https:\/\/build.or.at\/en\/imprint\/","url":"https:\/\/build.or.at\/en\/imprint\/","name":"Imprint and contact details from build!","isPartOf":{"@id":"https:\/\/build.or.at\/en\/#website"},"datePublished":"2018-04-26T14:10:25+00:00","dateModified":"2024-08-29T06:40:50+00:00","description":"build! Gr\u00fcndungszentrum K\u00e4rnten - Lakeside B01 \u00b7 9020\u00a0Klagenfurt, Austria \u00b7 Telefon +43 463 2700 8740 \u00b7 Email office@build.or.at \u00b7 Web\u00a0build.or.at","breadcrumb":{"@id":"https:\/\/build.or.at\/en\/imprint\/#breadcrumb"},"inLanguage":"en-US","potentialAction":[{"@type":"ReadAction","target":["https:\/\/build.or.at\/en\/imprint\/"]}]},{"@type":"BreadcrumbList","@id":"https:\/\/build.or.at\/en\/imprint\/#breadcrumb","itemListElement":[{"@type":"ListItem","position":1,"name":"Startseite","item":"https:\/\/build.or.at\/en\/"},{"@type":"ListItem","position":2,"name":"Imprint"}]},{"@type":"WebSite","@id":"https:\/\/build.or.at\/en\/#website","url":"https:\/\/build.or.at\/en\/","name":"build!","description":"Gr\u00fcndungszentrum K\u00e4rnten GmbH","publisher":{"@id":"https:\/\/build.or.at\/en\/#organization"},"potentialAction":[{"@type":"SearchAction","target":{"@type":"EntryPoint","urlTemplate":"https:\/\/build.or.at\/en\/?s={search_term_string}"},"query-input":{"@type":"PropertyValueSpecification","valueRequired":true,"valueName":"search_term_string"}}],"inLanguage":"en-US"},{"@type":"Organization","@id":"https:\/\/build.or.at\/en\/#organization","name":"build! Gr\u00fcndungszentrum K\u00e4rnten GmbH","url":"https:\/\/build.or.at\/en\/","logo":{"@type":"ImageObject","inLanguage":"en-US","@id":"https:\/\/build.or.at\/en\/#\/schema\/logo\/image\/","url":"https:\/\/build.or.at\/wp-content\/uploads\/2019\/01\/build-gruenderzentrum-logo-sticky.png","contentUrl":"https:\/\/build.or.at\/wp-content\/uploads\/2019\/01\/build-gruenderzentrum-logo-sticky.png","width":80,"height":53,"caption":"build! Gr\u00fcndungszentrum K\u00e4rnten GmbH"},"image":{"@id":"https:\/\/build.or.at\/en\/#\/schema\/logo\/image\/"}}]}},"_links":{"self":[{"href":"https:\/\/build.or.at\/en\/wp-json\/wp\/v2\/pages\/7252","targetHints":{"allow":["GET"]}}],"collection":[{"href":"https:\/\/build.or.at\/en\/wp-json\/wp\/v2\/pages"}],"about":[{"href":"https:\/\/build.or.at\/en\/wp-json\/wp\/v2\/types\/page"}],"author":[{"embeddable":true,"href":"https:\/\/build.or.at\/en\/wp-json\/wp\/v2\/users\/1"}],"replies":[{"embeddable":true,"href":"https:\/\/build.or.at\/en\/wp-json\/wp\/v2\/comments?post=7252"}],"version-history":[{"count":1,"href":"https:\/\/build.or.at\/en\/wp-json\/wp\/v2\/pages\/7252\/revisions"}],"predecessor-version":[{"id":10800,"href":"https:\/\/build.or.at\/en\/wp-json\/wp\/v2\/pages\/7252\/revisions\/10800"}],"wp:attachment":[{"href":"https:\/\/build.or.at\/en\/wp-json\/wp\/v2\/media?parent=7252"}],"curies":[{"name":"wp","href":"https:\/\/api.w.org\/{rel}","templated":true}]}}