{"id":8164,"date":"2018-07-27T15:48:43","date_gmt":"2018-07-27T13:48:43","guid":{"rendered":"https:\/\/build.or.at\/kontakt\/"},"modified":"2024-08-29T08:41:20","modified_gmt":"2024-08-29T06:41:20","slug":"contact","status":"publish","type":"page","link":"https:\/\/build.or.at\/en\/contact\/","title":{"rendered":"Kontakt"},"content":{"rendered":"<div class=\"wpb-content-wrapper\"><p>[vc_row full_width=&#8221;stretch_row&#8221; awb_type=&#8221;image&#8221; awb_parallax=&#8221;scroll&#8221; awb_parallax_speed=&#8221;0.5&#8243; css=&#8221;.vc_custom_1632488201756{margin-bottom: 0px !important;padding-top: 260px !important;padding-bottom: 160px !important;background-image: url(http:\/\/build.or.at\/wp-content\/uploads\/2021\/08\/coworking-background-projects-highres.jpg?id=6339) !important;}&#8221; el_class=&#8221;background-attachment-fixed&#8221;][vc_column][vc_column_text el_class=&#8221;headline-subpages&#8221;]<div class=\"eds-animate edsanimate-sis-hidden \" data-eds-entry-animation=\"fadeInLeft\" data-eds-entry-delay=\"0\" data-eds-entry-duration=\"0.5\" data-eds-entry-timing=\"linear\" data-eds-exit-animation=\"\" data-eds-exit-delay=\"\" data-eds-exit-duration=\"\" data-eds-exit-timing=\"\" data-eds-repeat-count=\"1\" data-eds-keep=\"yes\" data-eds-animate-on=\"load\" data-eds-scroll-offset=\"\"><\/p>\n<h1>Get in touch<\/h1>\n<p><\/div>[\/vc_column_text][\/vc_column][\/vc_row][vc_row css=&#8221;.vc_custom_1632488208259{margin-top: 30px !important;margin-bottom: 120px !important;}&#8221;][vc_column css=&#8221;.vc_custom_1635273206391{padding-right: 60px !important;}&#8221; offset=&#8221;vc_col-lg-6 vc_col-md-6 vc_col-xs-12&#8243;][vc_column_text]<\/p>\n<h2>We look forward to hear from you<\/h2>\n<p>Would you like to set up your own company in Carinthia or do you have general questions about starting a business? Then let&#8217;s go and contact us. We look forward helping you.[\/vc_column_text][vc_column_text css=&#8221;.vc_custom_1629183317634{padding-top: 20px !important;padding-left: 10px !important;}&#8221;]<\/p>\n<h2>Office ours<\/h2>\n<p>Monday &#8211; Thursday\u00a0 08:00 &#8211; 17:00<br \/>\nFriday 08:00 &#8211; 14:00[\/vc_column_text][vc_column_text css=&#8221;.vc_custom_1661253862420{padding-top: 20px !important;padding-left: 10px !important;}&#8221;]<\/p>\n<h2>Locations<\/h2>\n<p>Lakeside B01, 9020 Klagenfurt<\/p>\n<p>&#8212;&#8212;&#8212;&#8212;&#8212;&#8212;&#8212;&#8212;<\/p>\n<p>Europastra\u00dfe 12, 9500 Villach[\/vc_column_text][\/vc_column][vc_column el_class=&#8221;contact-page-form&#8221; offset=&#8221;vc_col-lg-6 vc_col-md-6 vc_col-xs-12&#8243;][vc_column_text]<noscript class=\"ninja-forms-noscript-message\">\n\tNotice: JavaScript is required for this content.<\/noscript>\n<div id=\"nf-form-3-cont\" class=\"nf-form-cont\" aria-live=\"polite\" aria-labelledby=\"nf-form-title-3\" aria-describedby=\"nf-form-errors-3\" role=\"form\">\n\n    <div class=\"nf-loading-spinner\"><\/div>\n\n<\/div>\n        <!-- That data is being printed as a workaround to page builders reordering the order of the scripts loaded-->\n        <script>var formDisplay=1;var nfForms=nfForms||[];var form=[];form.id='3';form.settings={\"objectType\":\"Form Setting\",\"editActive\":true,\"title\":\"Kontaktformular EN\",\"created_at\":\"2022-02-22 06:37:08\",\"form_title\":\"Kontaktformular EN\",\"default_label_pos\":\"above\",\"show_title\":0,\"clear_complete\":\"1\",\"hide_complete\":\"1\",\"logged_in\":\"0\",\"seq_num\":\"0\",\"key\":\"CF6176785d776ab\",\"conditions\":[],\"formContentData\":[\"first_name\",\"last_name\",\"email_address\",\"betreff\",\"comments_questions\",\"i_consent_to_the_collection_storage_of_the_data_and_ip_i_have_entered_for_contacting_me_and_i_accept_them_data_protection_1711555075966\",\"data_protection_1711555085886\",\"spam_1661251203395\",\"submit\"],\"calculations\":[],\"allow_public_link\":0,\"embed_form\":\"\",\"wrapper_class\":\"\",\"element_class\":\"\",\"add_submit\":1,\"changeEmailErrorMsg\":\"Please enter a valid email address!\",\"changeDateErrorMsg\":\"Please enter a valid date!\",\"confirmFieldErrorMsg\":\"These fields must match!\",\"fieldNumberNumMinError\":\"Number Min Error\",\"fieldNumberNumMaxError\":\"Number Max Error\",\"fieldNumberIncrementBy\":\"Please increment by \",\"formErrorsCorrectErrors\":\"Please correct errors before submitting this form.\",\"validateRequiredField\":\"This is a required field.\",\"honeypotHoneypotError\":\"Honeypot Error\",\"fieldsMarkedRequired\":\"Fields with a * are mandatory\",\"currency\":\"\",\"repeatable_fieldsets\":\"\",\"unique_field_error\":\"Ein Formular mit diesem Wert wurde bereits eingereicht.\",\"not_logged_in_msg\":\"\",\"sub_limit_msg\":\"Das Formular hat sein Beitragslimit erreicht.\",\"drawerDisabled\":false,\"form_title_heading_level\":\"3\",\"ninjaForms\":\"Ninja Forms\",\"fieldTextareaRTEInsertLink\":\"Insert Link\",\"fieldTextareaRTEInsertMedia\":\"Insert Media\",\"fieldTextareaRTESelectAFile\":\"Select a file\",\"formHoneypot\":\"If you are a human seeing this field, please leave it empty.\",\"fileUploadOldCodeFileUploadInProgress\":\"File Upload in Progress.\",\"fileUploadOldCodeFileUpload\":\"FILE UPLOAD\",\"currencySymbol\":\"&euro;\",\"thousands_sep\":\",\",\"decimal_point\":\".\",\"siteLocale\":\"en_US\",\"dateFormat\":\"m\\\/d\\\/Y\",\"startOfWeek\":\"1\",\"of\":\"of\",\"previousMonth\":\"Previous Month\",\"nextMonth\":\"Next Month\",\"months\":[\"January\",\"February\",\"March\",\"April\",\"May\",\"June\",\"July\",\"August\",\"September\",\"October\",\"November\",\"December\"],\"monthsShort\":[\"Jan\",\"Feb\",\"Mar\",\"Apr\",\"May\",\"Jun\",\"Jul\",\"Aug\",\"Sep\",\"Oct\",\"Nov\",\"Dec\"],\"weekdays\":[\"Sunday\",\"Monday\",\"Tuesday\",\"Wednesday\",\"Thursday\",\"Friday\",\"Saturday\"],\"weekdaysShort\":[\"Sun\",\"Mon\",\"Tue\",\"Wed\",\"Thu\",\"Fri\",\"Sat\"],\"weekdaysMin\":[\"Su\",\"Mo\",\"Tu\",\"We\",\"Th\",\"Fr\",\"Sa\"],\"recaptchaConsentMissing\":\"reCaptcha validation couldn&#039;t load.\",\"recaptchaMissingCookie\":\"reCaptcha v3 validation couldn&#039;t load the cookie needed to submit the form.\",\"recaptchaConsentEvent\":\"Accept reCaptcha cookies before sending the form.\",\"currency_symbol\":\"\",\"beforeForm\":\"\",\"beforeFields\":\"\",\"afterFields\":\"\",\"afterForm\":\"\"};form.fields=[{\"objectType\":\"Field\",\"objectDomain\":\"fields\",\"editActive\":false,\"order\":1,\"idAttribute\":\"id\",\"label\":\"Firstname\",\"type\":\"textbox\",\"field_label\":\"Firstname\",\"key\":\"first_name\",\"field_key\":\"first_name\",\"placeholder\":\"Firstname*\",\"default\":\"\",\"desc_text\":\"\",\"personally_identifiable\":0,\"required\":1,\"label_pos\":\"hidden\",\"container_class\":\"\",\"element_class\":\"\",\"input_limit\":\"\",\"input_limit_type\":\"characters\",\"input_limit_msg\":\"verbleibende(s) Zeichen\",\"manual_key\":false,\"admin_label\":\"\",\"help_text\":\"\",\"mask\":\"\",\"custom_mask\":\"\",\"custom_name_attribute\":\"\",\"value\":\"\",\"id\":12,\"beforeField\":\"\",\"afterField\":\"\",\"parentType\":\"textbox\",\"element_templates\":[\"textbox\",\"input\"],\"old_classname\":\"\",\"wrap_template\":\"wrap\"},{\"objectType\":\"Field\",\"objectDomain\":\"fields\",\"editActive\":false,\"order\":2,\"idAttribute\":\"id\",\"label\":\"Lastname\",\"type\":\"textbox\",\"field_label\":\"Lastname\",\"key\":\"last_name\",\"field_key\":\"last_name\",\"placeholder\":\"Lastname*\",\"default\":\"\",\"desc_text\":\"\",\"personally_identifiable\":0,\"required\":1,\"label_pos\":\"hidden\",\"container_class\":\"\",\"element_class\":\"\",\"input_limit\":\"\",\"input_limit_type\":\"characters\",\"input_limit_msg\":\"verbleibende(s) Zeichen\",\"manual_key\":false,\"admin_label\":\"\",\"help_text\":\"\",\"mask\":\"\",\"custom_mask\":\"\",\"custom_name_attribute\":\"\",\"value\":\"\",\"id\":13,\"beforeField\":\"\",\"afterField\":\"\",\"parentType\":\"textbox\",\"element_templates\":[\"textbox\",\"input\"],\"old_classname\":\"\",\"wrap_template\":\"wrap\"},{\"objectType\":\"Field\",\"objectDomain\":\"fields\",\"editActive\":false,\"order\":3,\"idAttribute\":\"id\",\"label\":\"Mail\",\"type\":\"email\",\"field_label\":\"Mail\",\"key\":\"email_address\",\"field_key\":\"email_address\",\"placeholder\":\"Mail*\",\"default\":\"\",\"desc_text\":\"\",\"personally_identifiable\":0,\"required\":1,\"label_pos\":\"hidden\",\"container_class\":\"\",\"element_class\":\"\",\"admin_label\":\"\",\"help_text\":\"\",\"custom_name_attribute\":\"email\",\"value\":\"\",\"id\":14,\"beforeField\":\"\",\"afterField\":\"\",\"parentType\":\"email\",\"element_templates\":[\"email\",\"input\"],\"old_classname\":\"\",\"wrap_template\":\"wrap\"},{\"objectType\":\"Field\",\"objectDomain\":\"fields\",\"editActive\":false,\"order\":4,\"idAttribute\":\"id\",\"label\":\"Subject\",\"type\":\"listselect\",\"field_label\":\"Subject\",\"key\":\"betreff\",\"field_key\":\"betreff\",\"placeholder\":\"Subject\",\"default\":\"\",\"desc_text\":\"\",\"personally_identifiable\":0,\"required\":1,\"label_pos\":\"hidden\",\"container_class\":\"\",\"options\":[{\"errors\":[],\"max_options\":0,\"label\":\"General\",\"value\":\"General\",\"calc\":\"General\",\"selected\":\"\",\"settingModel\":{\"settings\":false,\"hide_merge_tags\":false,\"error\":false,\"name\":\"options\",\"type\":\"option-repeater\",\"label\":\"Optionen <a href=\\\"#\\\" class=\\\"nf-add-new\\\">Erstellen<\\\/a> <a href=\\\"#\\\" class=\\\"extra nf-open-import-tooltip\\\"><i class=\\\"fa fa-sign-in\\\" aria-hidden=\\\"true\\\"><\\\/i> Importieren<\\\/a>\",\"width\":\"full\",\"group\":\"\",\"value\":[{\"label\":\"Eins\",\"value\":\"eins\",\"calc\":\"\",\"selected\":0,\"order\":0},{\"label\":\"Zwei\",\"value\":\"zwei\",\"calc\":\"\",\"selected\":0,\"order\":1},{\"label\":\"Drei\",\"value\":\"drei\",\"calc\":\"\",\"selected\":0,\"order\":2}],\"columns\":{\"label\":{\"header\":\"Beschriftung\",\"default\":\"\"},\"value\":{\"header\":\"Wert\",\"default\":\"\"},\"calc\":{\"header\":\"Berechneter Wert\",\"default\":\"\"},\"selected\":{\"header\":\"<span class=\\\"dashicons dashicons-yes\\\"><\\\/span>\",\"default\":0}}}},{\"errors\":[],\"max_options\":0,\"label\":\"Founding\",\"value\":\"Founding\",\"calc\":\"Founding\",\"selected\":\"\",\"settingModel\":{\"settings\":false,\"hide_merge_tags\":false,\"error\":false,\"name\":\"options\",\"type\":\"option-repeater\",\"label\":\"Optionen <a href=\\\"#\\\" class=\\\"nf-add-new\\\">Erstellen<\\\/a> <a href=\\\"#\\\" class=\\\"extra nf-open-import-tooltip\\\"><i class=\\\"fa fa-sign-in\\\" aria-hidden=\\\"true\\\"><\\\/i> Importieren<\\\/a>\",\"width\":\"full\",\"group\":\"\",\"value\":[{\"label\":\"Eins\",\"value\":\"eins\",\"calc\":\"\",\"selected\":0,\"order\":0},{\"label\":\"Zwei\",\"value\":\"zwei\",\"calc\":\"\",\"selected\":0,\"order\":1},{\"label\":\"Drei\",\"value\":\"drei\",\"calc\":\"\",\"selected\":0,\"order\":2}],\"columns\":{\"label\":{\"header\":\"Beschriftung\",\"default\":\"\"},\"value\":{\"header\":\"Wert\",\"default\":\"\"},\"calc\":{\"header\":\"Berechneter Wert\",\"default\":\"\"},\"selected\":{\"header\":\"<span class=\\\"dashicons dashicons-yes\\\"><\\\/span>\",\"default\":0}}}},{\"errors\":[],\"max_options\":0,\"label\":\"Investor\",\"value\":\"Investor\",\"calc\":\"Investor\",\"selected\":\"\",\"settingModel\":{\"settings\":false,\"hide_merge_tags\":false,\"error\":false,\"name\":\"options\",\"type\":\"option-repeater\",\"label\":\"Optionen <a href=\\\"#\\\" class=\\\"nf-add-new\\\">Erstellen<\\\/a> <a href=\\\"#\\\" class=\\\"extra nf-open-import-tooltip\\\"><i class=\\\"fa fa-sign-in\\\" aria-hidden=\\\"true\\\"><\\\/i> Importieren<\\\/a>\",\"width\":\"full\",\"group\":\"\",\"value\":[{\"label\":\"Eins\",\"value\":\"eins\",\"calc\":\"\",\"selected\":0,\"order\":0},{\"label\":\"Zwei\",\"value\":\"zwei\",\"calc\":\"\",\"selected\":0,\"order\":1},{\"label\":\"Drei\",\"value\":\"drei\",\"calc\":\"\",\"selected\":0,\"order\":2}],\"columns\":{\"label\":{\"header\":\"Beschriftung\",\"default\":\"\"},\"value\":{\"header\":\"Wert\",\"default\":\"\"},\"calc\":{\"header\":\"Berechneter Wert\",\"default\":\"\"},\"selected\":{\"header\":\"<span class=\\\"dashicons dashicons-yes\\\"><\\\/span>\",\"default\":0}}}},{\"errors\":[],\"max_options\":0,\"label\":\"Mentoring\",\"value\":\"Mentoring\",\"calc\":\"Mentoring\",\"selected\":\"\",\"settingModel\":{\"settings\":false,\"hide_merge_tags\":false,\"error\":false,\"name\":\"options\",\"type\":\"option-repeater\",\"label\":\"Optionen <a href=\\\"#\\\" class=\\\"nf-add-new\\\">Erstellen<\\\/a> <a href=\\\"#\\\" class=\\\"extra nf-open-import-tooltip\\\"><i class=\\\"fa fa-sign-in\\\" aria-hidden=\\\"true\\\"><\\\/i> Importieren<\\\/a>\",\"width\":\"full\",\"group\":\"\",\"value\":[{\"label\":\"Eins\",\"value\":\"eins\",\"calc\":\"\",\"selected\":0,\"order\":0},{\"label\":\"Zwei\",\"value\":\"zwei\",\"calc\":\"\",\"selected\":0,\"order\":1},{\"label\":\"Drei\",\"value\":\"drei\",\"calc\":\"\",\"selected\":0,\"order\":2}],\"columns\":{\"label\":{\"header\":\"Beschriftung\",\"default\":\"\"},\"value\":{\"header\":\"Wert\",\"default\":\"\"},\"calc\":{\"header\":\"Berechneter Wert\",\"default\":\"\"},\"selected\":{\"header\":\"<span class=\\\"dashicons dashicons-yes\\\"><\\\/span>\",\"default\":0}}}}],\"element_class\":\"\",\"admin_label\":\"\",\"help_text\":\"\",\"value\":\"\",\"id\":15,\"beforeField\":\"\",\"afterField\":\"\",\"parentType\":\"list\",\"element_templates\":[\"listselect\",\"input\"],\"old_classname\":\"list-select\",\"wrap_template\":\"wrap\"},{\"objectType\":\"Field\",\"objectDomain\":\"fields\",\"editActive\":false,\"order\":5,\"idAttribute\":\"id\",\"label\":\"Message\",\"type\":\"textarea\",\"field_label\":\"Message\",\"key\":\"comments_questions\",\"field_key\":\"comments_questions\",\"placeholder\":\"Message*\",\"default\":\"\",\"desc_text\":\"\",\"personally_identifiable\":0,\"required\":1,\"label_pos\":\"hidden\",\"container_class\":\"\",\"element_class\":\"\",\"input_limit\":\"\",\"input_limit_type\":\"characters\",\"input_limit_msg\":\"verbleibende(s) Zeichen\",\"manual_key\":false,\"admin_label\":\"\",\"help_text\":\"\",\"textarea_rte\":\"\",\"disable_rte_mobile\":\"\",\"textarea_media\":\"\",\"value\":\"\",\"id\":16,\"beforeField\":\"\",\"afterField\":\"\",\"parentType\":\"textarea\",\"element_templates\":[\"textarea\",\"input\"],\"old_classname\":\"\",\"wrap_template\":\"wrap\"},{\"objectType\":\"Field\",\"objectDomain\":\"fields\",\"editActive\":false,\"order\":6,\"idAttribute\":\"id\",\"label\":\"I consent to the collection \\\/ storage of the data and IP I have entered for contacting me and I accept them Data protection\",\"type\":\"checkbox\",\"field_label\":\"privacy I consent to the collection \\\/ storage of the data and IP I have entered for contacting me and I accept them <a href=\\\"https:\\\/\\\/build.or.at\\\/datenschutz\\\/\\\" title=\\\"Privacy Page Link\\\">Data protection<\\\/a>\",\"key\":\"i_consent_to_the_collection_storage_of_the_data_and_ip_i_have_entered_for_contacting_me_and_i_accept_them_data_protection_1711555075966\",\"field_key\":\"datenschutz\",\"placeholder\":\"\",\"default\":\"\",\"desc_text\":\"\",\"personally_identifiable\":0,\"required\":1,\"label_pos\":\"right\",\"container_class\":\"\",\"element_class\":\"\",\"manual_key\":false,\"admin_label\":\"\",\"help_text\":\"\",\"default_value\":\"unchecked\",\"checked_value\":\"Ausgew\\u00e4hlt\",\"unchecked_value\":\"Nicht ausgew\\u00e4hlt\",\"checked_calc_value\":\"\",\"unchecked_calc_value\":\"\",\"value\":\"\",\"drawerDisabled\":false,\"id\":17,\"beforeField\":\"\",\"afterField\":\"\",\"parentType\":\"checkbox\",\"element_templates\":[\"checkbox\",\"input\"],\"old_classname\":\"\",\"wrap_template\":\"wrap\"},{\"objectType\":\"Field\",\"objectDomain\":\"fields\",\"editActive\":false,\"order\":7,\"idAttribute\":\"id\",\"label\":\"Data Protection\",\"type\":\"html\",\"default\":\"<a style=\\\"font-size: 13px;\\n    font-weight: normal !important;\\n    font-family: 'PT Sans Regular' !important;\\n    text-decoration: underline;\\n    color: #ccc;\\\" href=\\\"https:\\\/\\\/build.or.at\\\/datenschutz\\\/\\\" title=\\\"Privacy Page Link\\\" target=\\\"_blank\\\">Data Protection<\\\/a>\",\"container_class\":\"\",\"element_class\":\"\",\"key\":\"data_protection_1711555085886\",\"drawerDisabled\":false,\"id\":32,\"beforeField\":\"\",\"afterField\":\"\",\"value\":\"<a style=\\\"font-size: 13px;\\n    font-weight: normal !important;\\n    font-family: 'PT Sans Regular' !important;\\n    text-decoration: underline;\\n    color: #ccc;\\\" href=\\\"https:\\\/\\\/build.or.at\\\/datenschutz\\\/\\\" title=\\\"Privacy Page Link\\\" target=\\\"_blank\\\">Data Protection<\\\/a>\",\"label_pos\":\"above\",\"parentType\":\"html\",\"element_templates\":[\"html\",\"input\"],\"old_classname\":\"\",\"wrap_template\":\"wrap\"},{\"objectType\":\"Field\",\"objectDomain\":\"fields\",\"editActive\":false,\"order\":8,\"idAttribute\":\"id\",\"label\":\"3 + 1 + 1 + 2 = ?\",\"type\":\"spam\",\"key\":\"spam_1661251203395\",\"label_pos\":\"above\",\"required\":1,\"default\":\"\",\"placeholder\":\"\",\"container_class\":\"\",\"element_class\":\"\",\"input_limit\":\"\",\"input_limit_type\":\"characters\",\"input_limit_msg\":\"verbleibende(s) Zeichen\",\"manual_key\":true,\"admin_label\":\"\",\"help_text\":\"\",\"spam_answer\":7,\"value\":\"\",\"drawerDisabled\":false,\"id\":30,\"beforeField\":\"\",\"afterField\":\"\",\"parentType\":\"spam\",\"element_templates\":[\"textbox\",\"input\"],\"old_classname\":\"\",\"wrap_template\":\"wrap\"},{\"objectType\":\"Field\",\"objectDomain\":\"fields\",\"editActive\":false,\"order\":9,\"idAttribute\":\"id\",\"label\":\"Send\",\"type\":\"submit\",\"field_label\":\"Send\",\"key\":\"submit\",\"field_key\":\"submit\",\"placeholder\":\"\",\"default\":\"\",\"desc_text\":\"\",\"personally_identifiable\":0,\"required\":0,\"label_pos\":\"above\",\"container_class\":\"\",\"processing_label\":\"Processing\",\"element_class\":\"\",\"value\":\"\",\"drawerDisabled\":false,\"id\":18,\"beforeField\":\"\",\"afterField\":\"\",\"parentType\":\"textbox\",\"element_templates\":[\"submit\",\"button\",\"input\"],\"old_classname\":\"\",\"wrap_template\":\"wrap-no-label\"}];nfForms.push(form);<\/script>\n        [\/vc_column_text][\/vc_column][\/vc_row]<\/p>\n<\/div>","protected":false},"excerpt":{"rendered":"<p>[vc_row full_width=&#8221;stretch_row&#8221; awb_type=&#8221;image&#8221; awb_parallax=&#8221;scroll&#8221; awb_parallax_speed=&#8221;0.5&#8243; css=&#8221;.vc_custom_1632488201756{margin-bottom: 0px !important;padding-top: 260px !important;padding-bottom: 160px !important;background-image: url(http:\/\/build.or.at\/wp-content\/uploads\/2021\/08\/coworking-background-projects-highres.jpg?id=6339) !important;}&#8221; el_class=&#8221;background-attachment-fixed&#8221;][vc_column][vc_column_text el_class=&#8221;headline-subpages&#8221;] Get in<span class=\"excerpt-hellip\"> [\u2026]<\/span><\/p>\n","protected":false},"author":1,"featured_media":0,"parent":0,"menu_order":0,"comment_status":"closed","ping_status":"closed","template":"","meta":{"_acf_changed":false,"inline_featured_image":false,"footnotes":""},"class_list":["post-8164","page","type-page","status-publish","hentry"],"acf":[],"yoast_head":"<!-- This site is optimized with the Yoast SEO plugin v27.3 - https:\/\/yoast.com\/product\/yoast-seo-wordpress\/ -->\n<title>Tritt mit dem build! in Kontakt<\/title>\n<meta name=\"description\" content=\"Wir sind f\u00fcr alle Fragen rund um Gr\u00fcndung und Wachstum f\u00fcr Sie da. Schreiben Sie oder rufen Sie uns an: Telefon +43 463 2700 8740, Email office@build.or.at\" \/>\n<meta name=\"robots\" content=\"index, follow, max-snippet:-1, max-image-preview:large, max-video-preview:-1\" \/>\n<link rel=\"canonical\" href=\"https:\/\/build.or.at\/en\/contact\/\" \/>\n<meta property=\"og:locale\" content=\"en_US\" \/>\n<meta property=\"og:type\" content=\"article\" \/>\n<meta property=\"og:title\" content=\"Tritt mit dem build! in Kontakt\" \/>\n<meta property=\"og:description\" content=\"Wir sind f\u00fcr alle Fragen rund um Gr\u00fcndung und Wachstum f\u00fcr Sie da. Schreiben Sie oder rufen Sie uns an: Telefon +43 463 2700 8740, Email office@build.or.at\" \/>\n<meta property=\"og:url\" content=\"https:\/\/build.or.at\/en\/contact\/\" \/>\n<meta property=\"og:site_name\" content=\"build!\" \/>\n<meta property=\"article:modified_time\" content=\"2024-08-29T06:41:20+00:00\" \/>\n<meta name=\"twitter:card\" content=\"summary_large_image\" \/>\n<meta name=\"twitter:label1\" content=\"Est. reading time\" \/>\n\t<meta name=\"twitter:data1\" content=\"1 minute\" \/>\n<script type=\"application\/ld+json\" class=\"yoast-schema-graph\">{\"@context\":\"https:\\\/\\\/schema.org\",\"@graph\":[{\"@type\":\"WebPage\",\"@id\":\"https:\\\/\\\/build.or.at\\\/en\\\/contact\\\/\",\"url\":\"https:\\\/\\\/build.or.at\\\/en\\\/contact\\\/\",\"name\":\"Tritt mit dem build! in Kontakt\",\"isPartOf\":{\"@id\":\"https:\\\/\\\/build.or.at\\\/en\\\/#website\"},\"datePublished\":\"2018-07-27T13:48:43+00:00\",\"dateModified\":\"2024-08-29T06:41:20+00:00\",\"description\":\"Wir sind f\u00fcr alle Fragen rund um Gr\u00fcndung und Wachstum f\u00fcr Sie da. Schreiben Sie oder rufen Sie uns an: Telefon +43 463 2700 8740, Email office@build.or.at\",\"breadcrumb\":{\"@id\":\"https:\\\/\\\/build.or.at\\\/en\\\/contact\\\/#breadcrumb\"},\"inLanguage\":\"en-US\",\"potentialAction\":[{\"@type\":\"ReadAction\",\"target\":[\"https:\\\/\\\/build.or.at\\\/en\\\/contact\\\/\"]}]},{\"@type\":\"BreadcrumbList\",\"@id\":\"https:\\\/\\\/build.or.at\\\/en\\\/contact\\\/#breadcrumb\",\"itemListElement\":[{\"@type\":\"ListItem\",\"position\":1,\"name\":\"Startseite\",\"item\":\"https:\\\/\\\/build.or.at\\\/en\\\/\"},{\"@type\":\"ListItem\",\"position\":2,\"name\":\"Kontakt\"}]},{\"@type\":\"WebSite\",\"@id\":\"https:\\\/\\\/build.or.at\\\/en\\\/#website\",\"url\":\"https:\\\/\\\/build.or.at\\\/en\\\/\",\"name\":\"build!\",\"description\":\"Gr\u00fcndungszentrum K\u00e4rnten GmbH\",\"publisher\":{\"@id\":\"https:\\\/\\\/build.or.at\\\/en\\\/#organization\"},\"potentialAction\":[{\"@type\":\"SearchAction\",\"target\":{\"@type\":\"EntryPoint\",\"urlTemplate\":\"https:\\\/\\\/build.or.at\\\/en\\\/?s={search_term_string}\"},\"query-input\":{\"@type\":\"PropertyValueSpecification\",\"valueRequired\":true,\"valueName\":\"search_term_string\"}}],\"inLanguage\":\"en-US\"},{\"@type\":\"Organization\",\"@id\":\"https:\\\/\\\/build.or.at\\\/en\\\/#organization\",\"name\":\"build! Gr\u00fcndungszentrum K\u00e4rnten GmbH\",\"url\":\"https:\\\/\\\/build.or.at\\\/en\\\/\",\"logo\":{\"@type\":\"ImageObject\",\"inLanguage\":\"en-US\",\"@id\":\"https:\\\/\\\/build.or.at\\\/en\\\/#\\\/schema\\\/logo\\\/image\\\/\",\"url\":\"https:\\\/\\\/build.or.at\\\/wp-content\\\/uploads\\\/2019\\\/01\\\/build-gruenderzentrum-logo-sticky.png\",\"contentUrl\":\"https:\\\/\\\/build.or.at\\\/wp-content\\\/uploads\\\/2019\\\/01\\\/build-gruenderzentrum-logo-sticky.png\",\"width\":80,\"height\":53,\"caption\":\"build! Gr\u00fcndungszentrum K\u00e4rnten GmbH\"},\"image\":{\"@id\":\"https:\\\/\\\/build.or.at\\\/en\\\/#\\\/schema\\\/logo\\\/image\\\/\"}}]}<\/script>\n<!-- \/ Yoast SEO plugin. -->","yoast_head_json":{"title":"Tritt mit dem build! in Kontakt","description":"Wir sind f\u00fcr alle Fragen rund um Gr\u00fcndung und Wachstum f\u00fcr Sie da. Schreiben Sie oder rufen Sie uns an: Telefon +43 463 2700 8740, Email office@build.or.at","robots":{"index":"index","follow":"follow","max-snippet":"max-snippet:-1","max-image-preview":"max-image-preview:large","max-video-preview":"max-video-preview:-1"},"canonical":"https:\/\/build.or.at\/en\/contact\/","og_locale":"en_US","og_type":"article","og_title":"Tritt mit dem build! in Kontakt","og_description":"Wir sind f\u00fcr alle Fragen rund um Gr\u00fcndung und Wachstum f\u00fcr Sie da. Schreiben Sie oder rufen Sie uns an: Telefon +43 463 2700 8740, Email office@build.or.at","og_url":"https:\/\/build.or.at\/en\/contact\/","og_site_name":"build!","article_modified_time":"2024-08-29T06:41:20+00:00","twitter_card":"summary_large_image","twitter_misc":{"Est. reading time":"1 minute"},"schema":{"@context":"https:\/\/schema.org","@graph":[{"@type":"WebPage","@id":"https:\/\/build.or.at\/en\/contact\/","url":"https:\/\/build.or.at\/en\/contact\/","name":"Tritt mit dem build! in Kontakt","isPartOf":{"@id":"https:\/\/build.or.at\/en\/#website"},"datePublished":"2018-07-27T13:48:43+00:00","dateModified":"2024-08-29T06:41:20+00:00","description":"Wir sind f\u00fcr alle Fragen rund um Gr\u00fcndung und Wachstum f\u00fcr Sie da. Schreiben Sie oder rufen Sie uns an: Telefon +43 463 2700 8740, Email office@build.or.at","breadcrumb":{"@id":"https:\/\/build.or.at\/en\/contact\/#breadcrumb"},"inLanguage":"en-US","potentialAction":[{"@type":"ReadAction","target":["https:\/\/build.or.at\/en\/contact\/"]}]},{"@type":"BreadcrumbList","@id":"https:\/\/build.or.at\/en\/contact\/#breadcrumb","itemListElement":[{"@type":"ListItem","position":1,"name":"Startseite","item":"https:\/\/build.or.at\/en\/"},{"@type":"ListItem","position":2,"name":"Kontakt"}]},{"@type":"WebSite","@id":"https:\/\/build.or.at\/en\/#website","url":"https:\/\/build.or.at\/en\/","name":"build!","description":"Gr\u00fcndungszentrum K\u00e4rnten GmbH","publisher":{"@id":"https:\/\/build.or.at\/en\/#organization"},"potentialAction":[{"@type":"SearchAction","target":{"@type":"EntryPoint","urlTemplate":"https:\/\/build.or.at\/en\/?s={search_term_string}"},"query-input":{"@type":"PropertyValueSpecification","valueRequired":true,"valueName":"search_term_string"}}],"inLanguage":"en-US"},{"@type":"Organization","@id":"https:\/\/build.or.at\/en\/#organization","name":"build! Gr\u00fcndungszentrum K\u00e4rnten GmbH","url":"https:\/\/build.or.at\/en\/","logo":{"@type":"ImageObject","inLanguage":"en-US","@id":"https:\/\/build.or.at\/en\/#\/schema\/logo\/image\/","url":"https:\/\/build.or.at\/wp-content\/uploads\/2019\/01\/build-gruenderzentrum-logo-sticky.png","contentUrl":"https:\/\/build.or.at\/wp-content\/uploads\/2019\/01\/build-gruenderzentrum-logo-sticky.png","width":80,"height":53,"caption":"build! Gr\u00fcndungszentrum K\u00e4rnten GmbH"},"image":{"@id":"https:\/\/build.or.at\/en\/#\/schema\/logo\/image\/"}}]}},"_links":{"self":[{"href":"https:\/\/build.or.at\/en\/wp-json\/wp\/v2\/pages\/8164","targetHints":{"allow":["GET"]}}],"collection":[{"href":"https:\/\/build.or.at\/en\/wp-json\/wp\/v2\/pages"}],"about":[{"href":"https:\/\/build.or.at\/en\/wp-json\/wp\/v2\/types\/page"}],"author":[{"embeddable":true,"href":"https:\/\/build.or.at\/en\/wp-json\/wp\/v2\/users\/1"}],"replies":[{"embeddable":true,"href":"https:\/\/build.or.at\/en\/wp-json\/wp\/v2\/comments?post=8164"}],"version-history":[{"count":3,"href":"https:\/\/build.or.at\/en\/wp-json\/wp\/v2\/pages\/8164\/revisions"}],"predecessor-version":[{"id":9680,"href":"https:\/\/build.or.at\/en\/wp-json\/wp\/v2\/pages\/8164\/revisions\/9680"}],"wp:attachment":[{"href":"https:\/\/build.or.at\/en\/wp-json\/wp\/v2\/media?parent=8164"}],"curies":[{"name":"wp","href":"https:\/\/api.w.org\/{rel}","templated":true}]}}